{"id":46,"date":"2023-08-02T19:48:16","date_gmt":"2023-08-02T17:48:16","guid":{"rendered":"https:\/\/louismonzies.com\/wp\/?page_id=46"},"modified":"2023-11-15T18:16:27","modified_gmt":"2023-11-15T17:16:27","slug":"liens","status":"publish","type":"page","link":"https:\/\/louismonzies.com\/wp\/liens\/","title":{"rendered":"Liens"},"content":{"rendered":"<p>Quelques liens pour compl\u00e9ter ce site sur Louis MONZIES.<\/p>\n<h3>\u00a0R\u00e9seaux sociaux<\/h3>\n<ul>\n<li><a href=\"https:\/\/www.facebook.com\/LMonzies\" target=\"_blank\" rel=\"noopener noreferrer\">Facebook Louis Monzi\u00e8s<\/a><\/li>\n<li><a href=\"https:\/\/twitter.com\/LouisMonzies\" target=\"_blank\" rel=\"noopener noreferrer\">Twitter Louis Monzi\u00e8s<\/a><\/li>\n<li><a href=\"http:\/\/pinterest.com\/LouisMonzies\/\" target=\"_blank\" rel=\"noopener noreferrer\">Pinterest Louis Monzi\u00e8s<\/a><\/li>\n<\/ul>\n<ul>\n<li><a title=\"Louis Monzi\u00e8s sur Wikipedia en fran\u00e7ais\" href=\"http:\/\/fr.wikipedia.org\/wiki\/Louis_Monzi%C3%A8s\" target=\"_blank\" rel=\"noopener noreferrer\">Louis Monzi\u00e8s sur Wikipedia<\/a>\u00a0(en fran\u00e7ais)<\/li>\n<li><a title=\"Louis Monzi\u00e8s on Wikipedia in English\" href=\"http:\/\/en.wikipedia.org\/wiki\/Louis_Monzies\" target=\"_blank\" rel=\"noopener noreferrer\">Louis Monzi\u00e8s in Wikipedia<\/a>\u00a0(in English)<\/li>\n<\/ul>\n<h3>Liens familiaux vers les sites des descendants de Louis Monzi\u00e8s<\/h3>\n<ul>\n<li><a href=\"https:\/\/twitter.com\/JPMusic1\">Musiques de Jean-Pascal Monzi\u00e8s<\/a><\/li>\n<li><a href=\"http:\/\/www.garancemonzies.com\/\" target=\"_blank\" rel=\"noopener noreferrer\">Peintures de Garance Monzi\u00e8s<\/a><\/li>\n<li><a href=\"https:\/\/monzies.fr\/\" target=\"_blank\" rel=\"noopener noreferrer\">Peintures et gravures d&rsquo;Emmanuel Monzi\u00e8s<\/a><\/li>\n<li><a href=\"http:\/\/www.fontainecoralis.com\/\" target=\"_blank\" rel=\"noopener noreferrer\">Atelier Coralis : fontaines de Micha\u00ebl Monzi\u00e8s<\/a><\/li>\n<li><a href=\"http:\/\/www.studioadn.fr\/\" target=\"_blank\" rel=\"noopener noreferrer\">Architecture et design de Julien Monzi\u00e8s<\/a><\/li>\n<li><a href=\"http:\/\/www.nopsir.org\/\" target=\"_blank\" rel=\"noopener noreferrer\">Le blog de Georges et Matthieu Grospiron et Antoine Jaccoux<\/a><\/li>\n<li><a href=\"http:\/\/www.mahdilepart.com\/\" target=\"_blank\" rel=\"noopener noreferrer\">Le cin\u00e9ma de Mahdi Lepart<\/a><\/li>\n<li><a title=\"Tour du monde par 3 cousins\" href=\"http:\/\/lestroiscolibris.wix.com\/les-3-colibris\">Les trois Colibris<\/a><\/li>\n<\/ul>\n","protected":false},"excerpt":{"rendered":"<p>Quelques liens pour compl\u00e9ter ce site sur Louis MONZIES. \u00a0R\u00e9seaux sociaux Facebook Louis Monzi\u00e8s Twitter Louis Monzi\u00e8s Pinterest Louis Monzi\u00e8s Louis Monzi\u00e8s sur Wikipedia\u00a0(en fran\u00e7ais) Louis Monzi\u00e8s in Wikipedia\u00a0(in English) Liens familiaux vers les sites des descendants de Louis Monzi\u00e8s Musiques de Jean-Pascal Monzi\u00e8s Peintures de Garance Monzi\u00e8s Peintures et gravures d&rsquo;Emmanuel Monzi\u00e8s Atelier Coralis&hellip; <a class=\"more-link\" href=\"https:\/\/louismonzies.com\/wp\/liens\/\">Poursuivre la lecture <span class=\"screen-reader-text\">Liens<\/span><\/a><\/p>\n","protected":false},"author":1,"featured_media":0,"parent":0,"menu_order":0,"comment_status":"closed","ping_status":"closed","template":"","meta":{"footnotes":""},"class_list":["post-46","page","type-page","status-publish","hentry","entry"],"_links":{"self":[{"href":"https:\/\/louismonzies.com\/wp\/wp-json\/wp\/v2\/pages\/46","targetHints":{"allow":["GET"]}}],"collection":[{"href":"https:\/\/louismonzies.com\/wp\/wp-json\/wp\/v2\/pages"}],"about":[{"href":"https:\/\/louismonzies.com\/wp\/wp-json\/wp\/v2\/types\/page"}],"author":[{"embeddable":true,"href":"https:\/\/louismonzies.com\/wp\/wp-json\/wp\/v2\/users\/1"}],"replies":[{"embeddable":true,"href":"https:\/\/louismonzies.com\/wp\/wp-json\/wp\/v2\/comments?post=46"}],"version-history":[{"count":5,"href":"https:\/\/louismonzies.com\/wp\/wp-json\/wp\/v2\/pages\/46\/revisions"}],"predecessor-version":[{"id":77,"href":"https:\/\/louismonzies.com\/wp\/wp-json\/wp\/v2\/pages\/46\/revisions\/77"}],"wp:attachment":[{"href":"https:\/\/louismonzies.com\/wp\/wp-json\/wp\/v2\/media?parent=46"}],"curies":[{"name":"wp","href":"https:\/\/api.w.org\/{rel}","templated":true}]}}